{"id":471,"date":"2024-03-23T15:14:41","date_gmt":"2024-03-23T15:14:41","guid":{"rendered":"https:\/\/oa-ottawa.ca\/loutaouais\/?page_id=471"},"modified":"2024-03-23T15:15:52","modified_gmt":"2024-03-23T15:15:52","slug":"ce-quest-oa","status":"publish","type":"page","link":"https:\/\/oa-ottawa.ca\/loutaouais\/ce-quest-oa\/","title":{"rendered":"Ce qu&rsquo;est OA"},"content":{"rendered":"<h1 style=\"text-align: center;\"><span style=\"color: #333399; font-family: Arial, Helvetica, sans-serif; font-size: large;\"><strong><span style=\"color: #333399;\">Outremangeurs Anonymes<\/span><\/strong><\/span><\/h1>\n<p><span style=\"font-size: medium;\">Outremangeurs Anonymes est une association d&rsquo;hommes et de femmes qui partagent leur exp\u00e9rience personnelle, leur force et leur espoir dans le but de se r\u00e9tablir de la compulsion alimentaire (besoin pressant et irr\u00e9sistible de manger de fa\u00e7on d\u00e9raisonnable). Nous accueillons tous ceux et celles qui veulent arr\u00eater de manger compulsivement. Il n&rsquo;y a ni droits ni frais \u00e0 acquitter. Nous subvenons \u00e0 nos besoins par nos propres contributions sans demander ni accepter de dons de l&rsquo;ext\u00e9rieur. OA n&rsquo;est affili\u00e9 \u00e0 aucun organisme public ou priv\u00e9 et n&rsquo;est reli\u00e9 \u00e0 aucun Mouvement politique, \u00e0 aucune doctrine religieuse ou id\u00e9ologie, OA n&rsquo;endosse ni ne conteste aucune cause qui lui est \u00e9trang\u00e8re. Nos buts primordiaux sont de nous abstenir d&rsquo;outremanger compulsivement et de transmettre notre message \u00e0 ceux qui souffrent encore.<\/span><\/p>\n<p><span style=\"font-size: medium;\"><strong><em>Historique <\/em><\/strong><br \/>\n<\/span><\/p>\n<p><span style=\"font-size: medium;\">A la premi\u00e8re r\u00e9union OA, le 19 janvier 1960, il y avait trois outremangeurs compulsifs. C&rsquo;est le fondateur des \u00ab Gamblers Anonymous \u00bb qui a aid\u00e9 notre fondatrice, Rozanne S., \u00e0 appliquer les principes des Alcooliques Anonymes \u00e0 la compulsion alimentaire. Le 1er novembre 1960, Rozanne ainsi que Barbara, l&rsquo;une des premi\u00e8res membres, ont \u00e9t\u00e9 interview\u00e9es au cours d&rsquo;une \u00e9mission de t\u00e9l\u00e9vision diffus\u00e9e par plusieurs grandes cha\u00eenes am\u00e9ricaines. Elles re\u00e7urent cinq cents lettres d&rsquo;auditrices et d&rsquo;auditeurs. Le mouvement OA \u00e9tait n\u00e9.<\/span><\/p>\n","protected":false},"excerpt":{"rendered":"<p>Outremangeurs Anonymes Outremangeurs Anonymes est une association d&rsquo;hommes et de femmes qui partagent leur exp\u00e9rience personnelle, leur force et leur espoir dans le but de se r\u00e9tablir de la compulsion alimentaire (besoin pressant et irr\u00e9sistible de manger de fa\u00e7on d\u00e9raisonnable). &hellip; <a href=\"https:\/\/oa-ottawa.ca\/loutaouais\/ce-quest-oa\/\">Continuer la lecture <span class=\"meta-nav\">\u00bb<\/span><\/a><\/p>\n","protected":false},"author":2,"featured_media":0,"parent":0,"menu_order":0,"comment_status":"closed","ping_status":"closed","template":"","meta":{"_exactmetrics_skip_tracking":false,"_exactmetrics_sitenote_active":false,"_exactmetrics_sitenote_note":"","_exactmetrics_sitenote_category":0,"footnotes":"","_links_to":"","_links_to_target":""},"class_list":["post-471","page","type-page","status-publish","hentry"],"aioseo_notices":[],"_links":{"self":[{"href":"https:\/\/oa-ottawa.ca\/loutaouais\/wp-json\/wp\/v2\/pages\/471","targetHints":{"allow":["GET"]}}],"collection":[{"href":"https:\/\/oa-ottawa.ca\/loutaouais\/wp-json\/wp\/v2\/pages"}],"about":[{"href":"https:\/\/oa-ottawa.ca\/loutaouais\/wp-json\/wp\/v2\/types\/page"}],"author":[{"embeddable":true,"href":"https:\/\/oa-ottawa.ca\/loutaouais\/wp-json\/wp\/v2\/users\/2"}],"replies":[{"embeddable":true,"href":"https:\/\/oa-ottawa.ca\/loutaouais\/wp-json\/wp\/v2\/comments?post=471"}],"version-history":[{"count":2,"href":"https:\/\/oa-ottawa.ca\/loutaouais\/wp-json\/wp\/v2\/pages\/471\/revisions"}],"predecessor-version":[{"id":474,"href":"https:\/\/oa-ottawa.ca\/loutaouais\/wp-json\/wp\/v2\/pages\/471\/revisions\/474"}],"wp:attachment":[{"href":"https:\/\/oa-ottawa.ca\/loutaouais\/wp-json\/wp\/v2\/media?parent=471"}],"curies":[{"name":"wp","href":"https:\/\/api.w.org\/{rel}","templated":true}]}}