{"id":42,"date":"2011-11-19T05:10:53","date_gmt":"2011-11-19T05:10:53","guid":{"rendered":"http:\/\/oa-ottawa.ca\/loutaouais\/?page_id=42"},"modified":"2026-03-02T17:19:20","modified_gmt":"2026-03-02T22:19:20","slug":"liste-des-reunions","status":"publish","type":"page","link":"https:\/\/oa-ottawa.ca\/loutaouais\/liste-des-reunions\/","title":{"rendered":"LISTE DES R\u00c9UNIONS"},"content":{"rendered":"<p>&nbsp;<\/p>\n<hr \/>\n<p><strong>RENCONTRE EN PERSONNE : <span style=\"color: #ff0000;\"> SUR ZOOM LE 2 MARS<\/span><\/strong><\/p>\n<p><strong>Lundi (19h00 \u00e0 20h00) (Bienvenu au nouveaux)<\/strong><br \/>\n<strong>(Secteur Gatineau)<\/strong><br \/>\nAu sous-sol du presbyt\u00e8re de l&rsquo;\u00e9glise St-Fran\u00e7ois-de-Sales<br \/>\n799 Rue Jacques-Cartier, Gatineau, QC J8T 2W1<br \/>\nPasser par la porte arri\u00e8re du haut<\/p>\n<p>Veuillez appeler Brigitte. (819) 635-4915<\/p>\n<hr \/>\n<p><strong>RENCONTRE EN VIRTUEL :<\/strong><\/p>\n<hr \/>\n<p><strong>Mardi (19h00 \u00e0 <span style=\"color: #000000;\">20h00)<\/span><\/strong><br \/>\n<strong>(Secteur Buckingham)<\/strong><br \/>\nPlateforme Zoom<br \/>\nID : 714 435 8120<br \/>\nMP : 819 819<\/p>\n<hr \/>\n<p><strong>Mercredi (<span style=\"color: #ff0000;\"><span style=\"color: #000000;\">19h00 \u00e0 20h00)\u00a0<\/span><\/span><\/strong><br \/>\n<strong>(Secteur Hull)<\/strong><br \/>\nPlateforme Zoom<br \/>\nID : 714 435 8120<br \/>\nMP : 819 819<\/p>\n<hr \/>\n<p><strong>Vendredi (19h00 \u00e0 20h00)<\/strong><br \/>\n<strong>(Secteur Gatineau)<\/strong><br \/>\nPlateforme Zoom<br \/>\nID : 714 435 8120<br \/>\nMP : 819 819<\/p>\n<p><span style=\"color: #008000;\"><em>*** Il est demand\u00e9 aux participants de cette r\u00e9union d&rsquo;arriver avant 19h. La salle de r\u00e9union sera verrouill\u00e9e et il sera impossible d&rsquo;y acc\u00e9der apr\u00e8s 19h05.<\/em><\/span><\/p>\n<hr \/>\n<p>DERNI\u00c8RE MISE \u00c0 JOUR : 09\/03\/2025<\/p>\n<hr \/>\n<p>&nbsp;<\/p>\n<p><strong>Ce qu&rsquo;il faut savoir avant votre premi\u00e8re r\u00e9union :<\/strong><\/p>\n<p>L&rsquo;acc\u00e8s aux r\u00e9unions est libre et gratuit. On s&rsquo;y rend ou s&rsquo;y connecte directement, sans prendre rendez-vous. Elles ont lieu toutes les semaines et sont exclusivement r\u00e9serv\u00e9es aux personnes ayant un probl\u00e8me de comportement alimentaire. Il n&rsquo;y a ni cotisation, ni droits d&rsquo;inscription. Les groupes se financent par les contributions de leurs membres. Les contributions sont volontaires et anonymes.<\/p>\n<p>Dans la r\u00e9gion de l&rsquo;Outaouais, des r\u00e9unions en fran\u00e7ais ont lieu toutes les semaines \u00e0 Hull, Gatineau, Buckingham.<\/p>\n<p><span style=\"color: #ff0000;\"><strong>Les rencontres de l&rsquo;Intergroupe de l&rsquo;Outaouais ont toujours lieu sur Zoom.\u00a0\u00a0<\/strong><\/span><\/p>\n<p><span style=\"color: #ff0000;\"><strong>MISE EN GARDE:\u00a0 Assurez-vous de toujours utiliser un appareil s\u00e9curis\u00e9, que ce soit votre ordinateur, tablette ou portable.\u00a0<\/strong><\/span><\/p>\n<p><span style=\"color: #000000;\"><strong>Comment participer aux r\u00e9unions virtuelles sur Zoom:<br \/>\n<\/strong><\/span><\/p>\n<p><strong>Pour toutes les rencontres, utiliser le lien internet suivant en appuyant sur CTRL + Clic sur ce lien\u00a0\u00a0\u00a0 <\/strong><a href=\"https:\/\/www.google.com\/url?q=https:\/\/zoom.us\/j\/7144358120&amp;sa=D&amp;usd=2&amp;usg=AOvVaw2OWsqWCHNH8B1Wtu6gxUqJ\">https:\/\/zoom.us\/j\/7144358120<\/a><\/p>\n<p>ID de r\u00e9union : 714 435 8120<\/p>\n<p>Une seule touche sur l\u2019appareil mobile<br \/>\n+14388097799,,7144358120# Canada<br \/>\n+15873281099,,7144358120# Canada<\/p>\n<p>Composez un num\u00e9ro en fonction de votre emplacement<br \/>\n+1 438 809 7799 Canada<br \/>\n+1 587 328 1099 Canada<br \/>\n+1 647 374 4685 Canada<br \/>\n+1 647 558 0588 Canada<br \/>\n+1 778 907 2071 Canada<\/p>\n<p>ID de r\u00e9union : 714 435 8120<br \/>\nMP : 819 819<br \/>\nTrouvez votre num\u00e9ro local\u00a0:\u00a0<a href=\"https:\/\/www.google.com\/url?q=https:\/\/zoom.us\/u\/abrXUh4C8B&amp;sa=D&amp;usd=2&amp;usg=AOvVaw1Bl58ijli0wfUnPVoc6vIL\">https:\/\/zoom.us\/u\/abrXUh4C8B<\/a><\/p>\n<p>Lors de la r\u00e9union virtuelle sur ZOOM, n\u2019oubliez pas d\u2019appuyer sur le bouton pour d\u00e9sactiver votre micro (\u00ab mute \u00bb) pour \u00e9viter tous les bruits environnants qui pourraient restreindre la qualit\u00e9 d&rsquo;\u00e9coute de la rencontre.\u00a0 Vous pourrez activer votre micro si vous avez \u00e0 vous exprimer durant la r\u00e9union.<\/p>\n<p><span style=\"color: #ff0000;\"><strong><u>TOUT ENREGISTREMENT DES R\u00c9UNIONS EST STRICTEMENT INTERDIT<\/u><\/strong>.<\/span><\/p>\n","protected":false},"excerpt":{"rendered":"<p>&nbsp; RENCONTRE EN PERSONNE : SUR ZOOM LE 2 MARS Lundi (19h00 \u00e0 20h00) (Bienvenu au nouveaux) (Secteur Gatineau) Au sous-sol du presbyt\u00e8re de l&rsquo;\u00e9glise St-Fran\u00e7ois-de-Sales 799 Rue Jacques-Cartier, Gatineau, QC J8T 2W1 Passer par la porte arri\u00e8re du haut &hellip; <a href=\"https:\/\/oa-ottawa.ca\/loutaouais\/liste-des-reunions\/\">Continuer la lecture <span class=\"meta-nav\">\u00bb<\/span><\/a><\/p>\n","protected":false},"author":1,"featured_media":0,"parent":0,"menu_order":0,"comment_status":"closed","ping_status":"closed","template":"","meta":{"_exactmetrics_skip_tracking":false,"_exactmetrics_sitenote_active":false,"_exactmetrics_sitenote_note":"","_exactmetrics_sitenote_category":0,"footnotes":"","_links_to":"","_links_to_target":""},"class_list":["post-42","page","type-page","status-publish","hentry"],"aioseo_notices":[],"_links":{"self":[{"href":"https:\/\/oa-ottawa.ca\/loutaouais\/wp-json\/wp\/v2\/pages\/42","targetHints":{"allow":["GET"]}}],"collection":[{"href":"https:\/\/oa-ottawa.ca\/loutaouais\/wp-json\/wp\/v2\/pages"}],"about":[{"href":"https:\/\/oa-ottawa.ca\/loutaouais\/wp-json\/wp\/v2\/types\/page"}],"author":[{"embeddable":true,"href":"https:\/\/oa-ottawa.ca\/loutaouais\/wp-json\/wp\/v2\/users\/1"}],"replies":[{"embeddable":true,"href":"https:\/\/oa-ottawa.ca\/loutaouais\/wp-json\/wp\/v2\/comments?post=42"}],"version-history":[{"count":101,"href":"https:\/\/oa-ottawa.ca\/loutaouais\/wp-json\/wp\/v2\/pages\/42\/revisions"}],"predecessor-version":[{"id":685,"href":"https:\/\/oa-ottawa.ca\/loutaouais\/wp-json\/wp\/v2\/pages\/42\/revisions\/685"}],"wp:attachment":[{"href":"https:\/\/oa-ottawa.ca\/loutaouais\/wp-json\/wp\/v2\/media?parent=42"}],"curies":[{"name":"wp","href":"https:\/\/api.w.org\/{rel}","templated":true}]}}