{"id":38,"date":"2011-11-19T05:09:23","date_gmt":"2011-11-19T05:09:23","guid":{"rendered":"http:\/\/oa-ottawa.ca\/loutaouais\/?page_id=38"},"modified":"2020-04-13T22:35:18","modified_gmt":"2020-04-13T22:35:18","slug":"aux-intervenants-de-la-sante","status":"publish","type":"page","link":"https:\/\/oa-ottawa.ca\/loutaouais\/aux-intervenants-de-la-sante\/","title":{"rendered":"Aux intervenants de la sant\u00e9"},"content":{"rendered":"<p><span style=\"font-size: medium; color: #333399;\"><strong><em><span style=\"color: #333399;\">Intervenants et intervenantes dans le domaine de la sant\u00e9<\/span>, <\/em><\/strong><\/span><span style=\"font-size: medium;\"><strong><em><span style=\"color: #333399;\">connaissez-vous les OA ?<\/span><br \/><\/em><\/strong><br \/>Peut-\u00eatre y a-t-il parmi vos clients ou vos patients des personnes qui continuent de manger compulsivement, m\u00eame si vous leur avez fortement conseill\u00e9 de surveiller leur poids. L&rsquo;Association des Outremangeurs Anonymes ne s&rsquo;int\u00e9resse pas aux probl\u00e8mes m\u00e9dicaux reli\u00e9s \u00e0 l&rsquo;ob\u00e9sit\u00e9, mais uniquement au caract\u00e8re compulsif de la fa\u00e7on de s&rsquo;alimenter. Son approche vient donc compl\u00e9ter les soins m\u00e9dicaux. OA ne pr\u00e9tend pas non plus poss\u00e9der des connaissances sp\u00e9cialis\u00e9es en nutrition. Les membres qui ont besoin d&rsquo;\u00eatre conseill\u00e9s dans ce domaine ou de faire approuver un r\u00e9gime alimentaire consultent des sp\u00e9cialistes de la m\u00e9decine ou de la nutrition. Le programme des Outremangeurs Anonymes a fait ses preuves et se fonde sur les m\u00eame principes que celui des Alcooliques Anonymes. Gr\u00e2ce \u00e0 lui, bien des personnes ont perdu du poids et pers\u00e9v\u00e8rent sur la voie du r\u00e9tablissement. OA est une association d&rsquo;hommes et de femmes qui ont un m\u00eame probl\u00e8me : la compulsion alimentaire. Ils se r\u00e9unissent pour partager leur exp\u00e9rience, leur force et leur espoir et aussi pour aider les autres Outremangeurs compulsifs \u00e0 se r\u00e9tablir. OA croit que la compulsion alimentaire est une maladie qui comporte trois volets : un volet physique, un volet \u00e9motif et un volet spirituel. Comme dans le cas de l&rsquo;alcoolisme et de la d\u00e9pendance \u00e0 la drogue, il est possible de surmonter cette maladie, sans pourtant en gu\u00e9rir.<\/span><\/p>\n<p><span style=\"font-size: medium;\"><span style=\"font-size: medium;\">Notre objectif est de nous abstenir de manger compulsivement une journ\u00e9e \u00e0 la fois. Nous y r\u00e9ussissons en nous maintenant chaque jour en contact les uns avec les autres, en nous r\u00e9unissant et en pratiquant le programme des douze \u00e9tapes des Alcooliques Anonymes, dans lequel nous rempla\u00e7ons les mots \u00a0\u00bb alcool \u00a0\u00bb et \u00a0\u00bb alcoolique \u00a0\u00bb par \u00a0\u00bb aliment \u00a0\u00bb et \u00a0\u00bb Outremangeur compulsif \u00ab\u00a0. Malgr\u00e9 son approche spirituelle, l&rsquo;Association OA n&rsquo;est pas un organisme religieux. Tous peuvent en devenir membres. La seule condition est de vouloir arr\u00eater de manger compulsivement. Il n&rsquo;y a ni droit ne frais d&rsquo;adh\u00e9sion requis. Nous subvenons \u00e0 nos besoins gr\u00e2ce \u00e0 nos propres contributions. Les questions que l&rsquo;on peut retrouver en passant par le menu de gauche aideront peut-\u00eatre les personnes qui vous consultent \u00e0 d\u00e9terminer si elles sont des Outremangeuses compulsives, ou des outremangeurs compulsifs.<\/span><\/span><\/p>\n<p><span style=\"font-size: medium;\"><span style=\"font-size: medium;\">Pour des t\u00e9moignages des professionnels de la sant\u00e9, t\u00e9l\u00e9chargez le<a title=\"le journal OA 2007\" href=\"http:\/\/oa-ottawa.ca\/loutaouais\/wp-content\/uploads\/2011\/11\/journalOA.pdf\" target=\"_blank\" rel=\"noopener noreferrer\"> journal OA 2007<\/a>. <span style=\"font-size: x-small;\">(format PDF)<\/span><\/span><\/span><\/p>\n<p><span style=\"font-size: x-small;\">Pour pouvoir lire les documents PDF vous devez vous procurer une version du logiciel <a href=\"http:\/\/www.adobe.fr\/products\/acrobat\/readermain.html\">Acrobat Reader\u00ae<\/a>,<br \/>distribu\u00e9e gratuitement par la compagnie Adobe<\/span><\/p>\n\n\n<p><\/p>\n","protected":false},"excerpt":{"rendered":"<p>Intervenants et intervenantes dans le domaine de la sant\u00e9, connaissez-vous les OA ?Peut-\u00eatre y a-t-il parmi vos clients ou vos patients des personnes qui continuent de manger compulsivement, m\u00eame si vous leur avez fortement conseill\u00e9 de surveiller leur poids. L&rsquo;Association &hellip; <a href=\"https:\/\/oa-ottawa.ca\/loutaouais\/aux-intervenants-de-la-sante\/\">Continuer la lecture <span class=\"meta-nav\">\u00bb<\/span><\/a><\/p>\n","protected":false},"author":1,"featured_media":0,"parent":0,"menu_order":0,"comment_status":"closed","ping_status":"closed","template":"","meta":{"_exactmetrics_skip_tracking":false,"_exactmetrics_sitenote_active":false,"_exactmetrics_sitenote_note":"","_exactmetrics_sitenote_category":0,"footnotes":"","_links_to":"","_links_to_target":""},"class_list":["post-38","page","type-page","status-publish","hentry"],"aioseo_notices":[],"_links":{"self":[{"href":"https:\/\/oa-ottawa.ca\/loutaouais\/wp-json\/wp\/v2\/pages\/38","targetHints":{"allow":["GET"]}}],"collection":[{"href":"https:\/\/oa-ottawa.ca\/loutaouais\/wp-json\/wp\/v2\/pages"}],"about":[{"href":"https:\/\/oa-ottawa.ca\/loutaouais\/wp-json\/wp\/v2\/types\/page"}],"author":[{"embeddable":true,"href":"https:\/\/oa-ottawa.ca\/loutaouais\/wp-json\/wp\/v2\/users\/1"}],"replies":[{"embeddable":true,"href":"https:\/\/oa-ottawa.ca\/loutaouais\/wp-json\/wp\/v2\/comments?post=38"}],"version-history":[{"count":5,"href":"https:\/\/oa-ottawa.ca\/loutaouais\/wp-json\/wp\/v2\/pages\/38\/revisions"}],"predecessor-version":[{"id":297,"href":"https:\/\/oa-ottawa.ca\/loutaouais\/wp-json\/wp\/v2\/pages\/38\/revisions\/297"}],"wp:attachment":[{"href":"https:\/\/oa-ottawa.ca\/loutaouais\/wp-json\/wp\/v2\/media?parent=38"}],"curies":[{"name":"wp","href":"https:\/\/api.w.org\/{rel}","templated":true}]}}