{"id":32,"date":"2011-11-19T04:59:19","date_gmt":"2011-11-19T04:59:19","guid":{"rendered":"http:\/\/oa-ottawa.ca\/loutaouais\/?page_id=32"},"modified":"2017-01-26T23:34:21","modified_gmt":"2017-01-26T23:34:21","slug":"les-coordonnees","status":"publish","type":"page","link":"https:\/\/oa-ottawa.ca\/loutaouais\/les-coordonnees\/","title":{"rendered":"Les coordonn\u00e9es"},"content":{"rendered":"<p>Coordonn\u00e9es et liens<\/p>\n<p>Intergroupe OA Fran\u00e7ais de l&rsquo;Outaouais<br \/>\nLigne t\u00e9l\u00e9phonique bilingue : (613) 820-5669<br \/>\nCourriel : outremangeurs@hotmail.com<br \/>\nSite Internet : <a href=\"http:\/\/oa-ottawa.ca\/loutaouais\">http:\/\/oa-ottawa.ca\/loutaouais<\/a><\/p>\n<p>Intergroupe OA Anglais d&rsquo;Ottawa<br \/>\nT\u00e9l\u00e9phone : 613-820-5669<br \/>\nCourriel : oa-ottawa@gmail.com<br \/>\nSite Internet : <a href=\"http:\/\/oa-ottawa.ca\" target=\"_blank\">http:\/\/oa-ottawa.ca<\/a><\/p>\n<p>Intergroupe OA Fran\u00e7ais de Montr\u00e9al<br \/>\nT\u00e9l\u00e9phone : 514-490-1939 ou sans frais 1-877-509-1939<br \/>\nSite Internet : <a href=\"www.outremangeurs.org\" target=\"_blank\">www.outremangeurs.org<\/a><\/p>\n<p>Intergroupe OA Anglophone de Montr\u00e9al<br \/>\nT\u00e9l\u00e9phone : 514-488-1812<\/p>\n<p>Intergroupe OA de Qu\u00e9bec<br \/>\nT\u00e9l\u00e9phone : 418-871-8240<br \/>\nSite Internet : www.oaquebec.org<br \/>\nCourriel: secretariat@oaquebec.org<\/p>\n<p>R\u00e9gion 6<br \/>\nSite Internet : <a href=\"www.oaregion6.org\" target=\"_blank\">www.oaregion6.org<\/a><\/p>\n<p>WSO (Bureau des services mondiaux de OA)<br \/>\nT\u00e9l\u00e9phone : 1-505-891-2664<br \/>\nSite Internet : <a href=\"www.oa.org\" target=\"_blank\">www.oa.org<\/a><\/p>\n<p>Pour acc\u00e9der \u00e0 de la documentation, veuillez consulter <a href=\"http:\/\/www.outremangeurs.org\/\">la page des t\u00e9l\u00e9chargements du site Internet<\/a> de l&rsquo;Intergroupe OA fran\u00e7ais de Montr\u00e9al.<\/p>\n","protected":false},"excerpt":{"rendered":"<p>Coordonn\u00e9es et liens Intergroupe OA Fran\u00e7ais de l&rsquo;Outaouais Ligne t\u00e9l\u00e9phonique bilingue : (613) 820-5669 Courriel : outremangeurs@hotmail.com Site Internet : http:\/\/oa-ottawa.ca\/loutaouais Intergroupe OA Anglais d&rsquo;Ottawa T\u00e9l\u00e9phone : 613-820-5669 Courriel : oa-ottawa@gmail.com Site Internet : http:\/\/oa-ottawa.ca Intergroupe OA Fran\u00e7ais de Montr\u00e9al &hellip; <a href=\"https:\/\/oa-ottawa.ca\/loutaouais\/les-coordonnees\/\">Continuer la lecture <span class=\"meta-nav\">\u00bb<\/span><\/a><\/p>\n","protected":false},"author":1,"featured_media":0,"parent":0,"menu_order":0,"comment_status":"closed","ping_status":"closed","template":"","meta":{"_exactmetrics_skip_tracking":false,"_exactmetrics_sitenote_active":false,"_exactmetrics_sitenote_note":"","_exactmetrics_sitenote_category":0,"footnotes":"","_links_to":"","_links_to_target":""},"class_list":["post-32","page","type-page","status-publish","hentry"],"aioseo_notices":[],"_links":{"self":[{"href":"https:\/\/oa-ottawa.ca\/loutaouais\/wp-json\/wp\/v2\/pages\/32","targetHints":{"allow":["GET"]}}],"collection":[{"href":"https:\/\/oa-ottawa.ca\/loutaouais\/wp-json\/wp\/v2\/pages"}],"about":[{"href":"https:\/\/oa-ottawa.ca\/loutaouais\/wp-json\/wp\/v2\/types\/page"}],"author":[{"embeddable":true,"href":"https:\/\/oa-ottawa.ca\/loutaouais\/wp-json\/wp\/v2\/users\/1"}],"replies":[{"embeddable":true,"href":"https:\/\/oa-ottawa.ca\/loutaouais\/wp-json\/wp\/v2\/comments?post=32"}],"version-history":[{"count":8,"href":"https:\/\/oa-ottawa.ca\/loutaouais\/wp-json\/wp\/v2\/pages\/32\/revisions"}],"predecessor-version":[{"id":160,"href":"https:\/\/oa-ottawa.ca\/loutaouais\/wp-json\/wp\/v2\/pages\/32\/revisions\/160"}],"wp:attachment":[{"href":"https:\/\/oa-ottawa.ca\/loutaouais\/wp-json\/wp\/v2\/media?parent=32"}],"curies":[{"name":"wp","href":"https:\/\/api.w.org\/{rel}","templated":true}]}}