{"id":317,"date":"2020-04-13T23:49:03","date_gmt":"2020-04-13T23:49:03","guid":{"rendered":"http:\/\/oa-ottawa.ca\/loutaouais\/?page_id=317"},"modified":"2022-12-10T18:06:04","modified_gmt":"2022-12-10T18:06:04","slug":"la-litterature","status":"publish","type":"page","link":"https:\/\/oa-ottawa.ca\/loutaouais\/la-litterature\/","title":{"rendered":"Litt\u00e9rature"},"content":{"rendered":"\r\n<p><strong><a href=\"http:\/\/oa-ottawa.ca\/loutaouais\/wp-content\/uploads\/2021\/06\/Bulletin-Les-amis-de-IOAFO-juin-2021.pdf\">Bulletin Les amis de IOAFO\u00a0<\/a><\/strong><\/p>\r\n<p>_________________________________________________<\/p>\r\n<p>La litt\u00e9rature OA vous est offerte habituellement lors des r\u00e9unions, que ce soit les livres, les pamphlets qui ont trait aux outils et autres et ce, moyennant un co\u00fbt.<\/p>\r\n\r\n\r\n\r\n\r\n\r\n<p style=\"text-align: left;\">______________________________________________<\/p>\r\n<p><strong><span style=\"color: #ff0000;\">BIBLIOTH\u00c8QUE DES BULLETINS PR\u00c9C\u00c9DENTS DE L&rsquo;IOAFO<\/span><\/strong><\/p>\r\n<p><a href=\"http:\/\/oa-ottawa.ca\/loutaouais\/wp-content\/uploads\/2021\/03\/Bulletin-Les-amis-de-IOAFO-mars-2021.pdf\">Bulletin Les amis de IOAFO mars 2021<\/a><\/p>\r\n<p><a href=\"http:\/\/oa-ottawa.ca\/loutaouais\/bulletin-ioafo-decembre-2020\/\">Bulletin IOAFO d\u00e9cembre 2020<\/a><\/p>\r\n<p><a href=\"http:\/\/oa-ottawa.ca\/loutaouais\/bulletin-les-amis-de-ioafo-septembre-2020\/\">Bulletin Les amis de IOAFO septembre 2020<\/a><\/p>\r\n<p><a href=\"http:\/\/oa-ottawa.ca\/loutaouais\/bulletin-les-amis-de-ioafo-1-juin-2020\/\">Bulletin Les amis de IOAFO 1 juin 2020<\/a><\/p>\r\n<p><a href=\"http:\/\/oa-ottawa.ca\/loutaouais\/bulletin-les-amis-de-ioafo-annee-1-numero-4-mars-2020\/\">Bulletin Les amis de IOAFO Num\u00e9ro 4 mars 2020<\/a><\/p>\r\n<p><a href=\"http:\/\/oa-ottawa.ca\/loutaouais\/03-bulletin-les-amis-de-ioafo-annee-1-numero-3-decembre-2019\/\">Bulletin 03 Les amis de IOAFO Ann\u00e9e 1 Num\u00e9ro 3 d\u00e9cembre 2019<\/a><\/p>\r\n<p>&nbsp;<\/p>\r\n<p>&nbsp;<\/p>\r\n","protected":false},"excerpt":{"rendered":"<p>Bulletin Les amis de IOAFO\u00a0 _________________________________________________ La litt\u00e9rature OA vous est offerte habituellement lors des r\u00e9unions, que ce soit les livres, les pamphlets qui ont trait aux outils et autres et ce, moyennant un co\u00fbt. ______________________________________________ BIBLIOTH\u00c8QUE DES BULLETINS PR\u00c9C\u00c9DENTS &hellip; <a href=\"https:\/\/oa-ottawa.ca\/loutaouais\/la-litterature\/\">Continuer la lecture <span class=\"meta-nav\">\u00bb<\/span><\/a><\/p>\n","protected":false},"author":1,"featured_media":0,"parent":0,"menu_order":0,"comment_status":"closed","ping_status":"closed","template":"","meta":{"_exactmetrics_skip_tracking":false,"_exactmetrics_sitenote_active":false,"_exactmetrics_sitenote_note":"","_exactmetrics_sitenote_category":0,"footnotes":"","_links_to":"","_links_to_target":""},"class_list":["post-317","page","type-page","status-publish","hentry"],"aioseo_notices":[],"_links":{"self":[{"href":"https:\/\/oa-ottawa.ca\/loutaouais\/wp-json\/wp\/v2\/pages\/317","targetHints":{"allow":["GET"]}}],"collection":[{"href":"https:\/\/oa-ottawa.ca\/loutaouais\/wp-json\/wp\/v2\/pages"}],"about":[{"href":"https:\/\/oa-ottawa.ca\/loutaouais\/wp-json\/wp\/v2\/types\/page"}],"author":[{"embeddable":true,"href":"https:\/\/oa-ottawa.ca\/loutaouais\/wp-json\/wp\/v2\/users\/1"}],"replies":[{"embeddable":true,"href":"https:\/\/oa-ottawa.ca\/loutaouais\/wp-json\/wp\/v2\/comments?post=317"}],"version-history":[{"count":15,"href":"https:\/\/oa-ottawa.ca\/loutaouais\/wp-json\/wp\/v2\/pages\/317\/revisions"}],"predecessor-version":[{"id":408,"href":"https:\/\/oa-ottawa.ca\/loutaouais\/wp-json\/wp\/v2\/pages\/317\/revisions\/408"}],"wp:attachment":[{"href":"https:\/\/oa-ottawa.ca\/loutaouais\/wp-json\/wp\/v2\/media?parent=317"}],"curies":[{"name":"wp","href":"https:\/\/api.w.org\/{rel}","templated":true}]}}