{"id":29,"date":"2011-11-19T04:57:38","date_gmt":"2011-11-19T04:57:38","guid":{"rendered":"http:\/\/oa-ottawa.ca\/loutaouais\/?page_id=29"},"modified":"2020-04-14T00:02:05","modified_gmt":"2020-04-14T00:02:05","slug":"ce-que-nest-pas-oa","status":"publish","type":"page","link":"https:\/\/oa-ottawa.ca\/loutaouais\/ce-que-nest-pas-oa\/","title":{"rendered":"CE QUE N&rsquo;EST PAS OA"},"content":{"rendered":"<p style=\"text-align: center;\"><span style=\"font-size: medium;\"><strong><em><span style=\"color: #333399;\">OA n\u2019est pas un groupe de r\u00e9gime<\/span><\/em><\/strong><\/span><\/p>\n<p><span style=\"font-size: medium;\">Nombre de personnes arrivent chez les OA en croyant y trouver des r\u00e9gimes, des pes\u00e9es de contr\u00f4le et des conf\u00e9rences sur la fa\u00e7on de maigrir ou de prendre du poids. Aussi, sont-elles \u00e9tonn\u00e9es (et souvent soulag\u00e9es) de constater que c&rsquo;est tout autre chose que les OA ont \u00e0 offrir \u00e0 ceux qui souffrent de compulsion alimentaire. Pour les OA, la nourriture et le poids ne sont que des sympt\u00f4mes du probl\u00e8me. Nous avons recours \u00e0 la nourriture de la m\u00eame fa\u00e7on que les alcooliques ont recours \u00e0 l&rsquo;alcool et les toxicomanes \u00e0 la drogue. M\u00eame s&rsquo;ils semblent nous aider, les r\u00e9gimes intensifient souvent notre d\u00e9pendance. La solution OA ne comporte pas de trucs alimentaires. Les OA ne prennent pas position sur ce qui pourrait constituer un bon programme alimentaire de perte, de maintien ou de prise de poids. Nous ne sugg\u00e9rons ni menus ni r\u00e9gimes, pas plus que nous n&rsquo;offrons de services de consultations, nous ne traitons ni n&rsquo;hospitalisons nos membres. Les OA ne participent \u00e0 aucun titre \u00e0 des programmes de recherche ou d&rsquo;information sur les d\u00e9sordres alimentaires. Les membres OA qui d\u00e9sirent se renseigner davantage sur la nutrition ou qui veulent avoir un avis professionnel sont encourag\u00e9s \u00e0 <span style=\"color: #000000;\">consulter<\/span> des sp\u00e9cialistes. Nous devons toujours nous sentir libres de rechercher de l&rsquo;aide ext\u00e9rieure : nous sommes assur\u00e9s que les OA encouragent chacun de nous dans ses efforts pour se r\u00e9tablir.<\/span><\/p>\n<p><span style=\"font-size: medium;\"><span style=\"font-size: medium;\">Les OA donnent au d\u00e9pendant une occasion de s&rsquo;identifier avec d&rsquo;autres personnes qui ont le m\u00eame probl\u00e8me que lui. Chez les OA, nous partageons toutes nos exp\u00e9riences, de la souffrance \u00e0 la joie du r\u00e9tablissement. Les OA donnent l&rsquo;acceptation inconditionnelle et l&rsquo;appui mutuel qui se manifestent au sein des groupes, toujours pr\u00eats \u00e0 accueillir les nouveaux. Ces groupes fonctionnent uniquement gr\u00e2ce aux contributions volontaires de leurs membres. Mentionnons que la seule condition pour devenir membre des OA est le d\u00e9sir d\u2019arr\u00eater d\u2019outremanger compulsivement. Chez les OA, nous croyons \u00eatre atteints d&rsquo;une maladie qui nous touche \u00e0 trois niveaux : physique, \u00e9motif et spirituel. Des dizaines de milliers de personnes comme nous ont d\u00e9couvert que le programme des douze \u00e9tapes propos\u00e9 par les Outremangeurs Anonymes nous permet de nous r\u00e9tablir sur ces trois plans. Ceux d&rsquo;entre nous qui choisissent de se r\u00e9tablir un jour \u00e0 la fois mettent en pratique les douze \u00e9tapes. De cette fa\u00e7on, nous nous lib\u00e9rons de l&rsquo;obsession alimentaire pour acc\u00e9der \u00e0 une nouvelle mani\u00e8re de vivre.<\/span><\/span><\/p>\n<p style=\"text-align: center;\"><span style=\"font-size: medium;\"><span style=\"color: #333399;\"><strong><em><span style=\"color: #333399;\">OA n\u2019est pas une association religieuse<\/span><\/em><\/strong><\/span><\/span><\/p>\n<p style=\"text-align: left;\"><span style=\"font-size: medium;\">L\u2019association OA n\u2019exige aucune affiliation ou orientation religieuse. Son programme de r\u00e9tablissement en douze \u00e9tapes a des bases spirituelles parce qu\u2019il est ax\u00e9 sur une transformation int\u00e9rieure. Parmi les membres, il y en a qui ont des croyances tr\u00e8s diverses et d\u2019autres qui se disent ath\u00e9es ou agnostiques.<\/span><\/p>\n\n\n<p><\/p>\n","protected":false},"excerpt":{"rendered":"<p>OA n\u2019est pas un groupe de r\u00e9gime Nombre de personnes arrivent chez les OA en croyant y trouver des r\u00e9gimes, des pes\u00e9es de contr\u00f4le et des conf\u00e9rences sur la fa\u00e7on de maigrir ou de prendre du poids. Aussi, sont-elles \u00e9tonn\u00e9es &hellip; <a href=\"https:\/\/oa-ottawa.ca\/loutaouais\/ce-que-nest-pas-oa\/\">Continuer la lecture <span class=\"meta-nav\">\u00bb<\/span><\/a><\/p>\n","protected":false},"author":1,"featured_media":0,"parent":0,"menu_order":0,"comment_status":"closed","ping_status":"closed","template":"","meta":{"_exactmetrics_skip_tracking":false,"_exactmetrics_sitenote_active":false,"_exactmetrics_sitenote_note":"","_exactmetrics_sitenote_category":0,"footnotes":"","_links_to":"","_links_to_target":""},"class_list":["post-29","page","type-page","status-publish","hentry"],"aioseo_notices":[],"_links":{"self":[{"href":"https:\/\/oa-ottawa.ca\/loutaouais\/wp-json\/wp\/v2\/pages\/29","targetHints":{"allow":["GET"]}}],"collection":[{"href":"https:\/\/oa-ottawa.ca\/loutaouais\/wp-json\/wp\/v2\/pages"}],"about":[{"href":"https:\/\/oa-ottawa.ca\/loutaouais\/wp-json\/wp\/v2\/types\/page"}],"author":[{"embeddable":true,"href":"https:\/\/oa-ottawa.ca\/loutaouais\/wp-json\/wp\/v2\/users\/1"}],"replies":[{"embeddable":true,"href":"https:\/\/oa-ottawa.ca\/loutaouais\/wp-json\/wp\/v2\/comments?post=29"}],"version-history":[{"count":6,"href":"https:\/\/oa-ottawa.ca\/loutaouais\/wp-json\/wp\/v2\/pages\/29\/revisions"}],"predecessor-version":[{"id":322,"href":"https:\/\/oa-ottawa.ca\/loutaouais\/wp-json\/wp\/v2\/pages\/29\/revisions\/322"}],"wp:attachment":[{"href":"https:\/\/oa-ottawa.ca\/loutaouais\/wp-json\/wp\/v2\/media?parent=29"}],"curies":[{"name":"wp","href":"https:\/\/api.w.org\/{rel}","templated":true}]}}