{"id":15,"date":"2011-11-19T04:19:21","date_gmt":"2011-11-19T04:19:21","guid":{"rendered":"http:\/\/oa-ottawa.ca\/loutaouais\/?page_id=15"},"modified":"2020-04-13T23:00:18","modified_gmt":"2020-04-13T23:00:18","slug":"labstinence-un-engagement","status":"publish","type":"page","link":"https:\/\/oa-ottawa.ca\/loutaouais\/labstinence-un-engagement\/","title":{"rendered":"L&rsquo;abstinence, un engagement"},"content":{"rendered":"<h1 style=\"text-align: center;\"><span style=\"color: #ff0000;\"><strong><span style=\"font-size: medium;\"><span style=\"color: #ff0000;\">UNE D\u00c9CISION, UN JOUR<\/span> <span style=\"color: #ff0000;\">\u00c0 LA FOIS<\/span><\/span><\/strong><\/span><\/h1>\n<p><strong><em><span style=\"color: #333399;\">Le r\u00e9tablissement et l&rsquo;engagement \u00e0 l&rsquo;abstinence<\/span><br \/>\n<\/em><\/strong><br \/>\nLE R\u00c9TABLISSEMENT EST LE R\u00c9SULTAT de l&rsquo;application du programme des Douze \u00c9tapes des Outremangeurs Anonymes. La plupart d&rsquo;entre nous en sommes venus \u00e0 croire que la pratique quotidienne de l&rsquo;abstinence est essentielle \u00e0 notre r\u00e9tablissement.<\/p>\n<p><strong><em><span style=\"color: #333399;\">Qu&rsquo;est-ce que l&rsquo;abstinence?<\/span><br \/>\n<\/em><\/strong><br \/>\nSelon le dictionnaire, le mot s&rsquo;abstenir signifie \u00ab\u00a0se priver volontairement de\u00a0\u00bb. Pour les Outremangeurs Anonymes, le mot abstinence signifie se priver volontairement de manger compulsivement.<\/p>\n<p><strong><em><span style=\"color: #333399;\">Qu&rsquo;est-ce que l&rsquo;engagement?<\/span><\/em><\/strong><\/p>\n<p><span style=\"font-size: medium;\"><span style=\"font-size: medium;\">L&rsquo;engagement signifie avoir confiance, mettre sous bonne garde, suivre une certaine trajectoire. Notre plus grande difficult\u00e9 n&rsquo;a-t-elle pas \u00e9t\u00e9 de nous engager v\u00e9ritablement \u00e0 nous abstenir de manger compulsivement et ce, de fa\u00e7on continue? \u00c0 court terme, nous sommes admirables; mais lorsque le \u00a0\u00bb quotidien \u00a0\u00bb s&rsquo;installe, nous perdons tout int\u00e9r\u00eat. Pour la plupart des gens, et surtout pour les outremangeurs compulsifs, un r\u00e9gime a toujours eu un caract\u00e8re temporaire, avec un d\u00e9but et une fin. La solution des Outremangeurs Anonymes consiste \u00e0 s&rsquo;abstenir de manger compulsivement chaque jour, un jour \u00e0 la fois. Chacun est libre de d\u00e9finir ses crit\u00e8res d&rsquo;abstinence selon ses pr\u00e9f\u00e9rences et ses besoins personnels. S&rsquo;abstenir de manger compulsivement, \u00e0 la diff\u00e9rence des r\u00e9gimes, comporte une notion de permanence. Contrairement \u00e0 nos journ\u00e9es de r\u00e9gime, nous pratiquons l&rsquo;abstinence, un jour \u00e0 la fois, sans nous pr\u00e9occuper des r\u00e9sultats. \u00c0 chaque nouveau jour, nous nous engageons, encore une fois, \u00e0 respecter notre plan personnel d&rsquo;abstinence, sans penser au lendemain, au mois suivant, \u00e0 l&rsquo;ann\u00e9e prochaine.<\/span><\/span><\/p>\n<p style=\"text-align: center;\"><span style=\"font-size: medium;\"><span style=\"font-size: medium;\"><span style=\"color: #000000;\"><strong><em>Comment favorisons-nous le respect de cet engagement?<br \/>\n<\/em><\/strong><\/span><br \/>\n<strong><span style=\"color: #333399;\">Nous nous effor\u00e7ons de :<\/span><\/strong><\/span><\/span><\/p>\n<ul>\n<li>Confier quotidiennement notre abstinence \u00e0 une Puissance sup\u00e9rieure \u00e0 nous-m\u00eames. Tout ce que nous avons \u00e0 faire, c&rsquo;est de prendre cet engagement.<\/li>\n<li>Toujours accepter que nous avons le choix entre manger de fa\u00e7on compulsive et nous abstenir de prendre cette premi\u00e8re bouch\u00e9e compulsive.<\/li>\n<li>Cultiver humblement la gratitude d&rsquo;avoir d\u00e9couvert que nous \u00e9tions des outremangeurs compulsifs, et que nous avons connu les OA au moment opportun.<\/li>\n<li>Accepter tout naturellement, que pendant un certain temps &#8211; qui peut \u00eatre long &#8211; nous pourrons ressentir de fa\u00e7on r\u00e9p\u00e9titive :\n<ul>\n<li>des tiraillements ou des d\u00e9sirs intempestifs de consommer des exc\u00e8s de nourriture ou des aliments inappropri\u00e9s;<\/li>\n<li>une impulsion soudaine et irr\u00e9sistible de manger compulsivement ou de prendre cette premi\u00e8re bouch\u00e9e compulsive;<\/li>\n<li>un d\u00e9sir insoutenable de rechercher l&rsquo;apaisement qu&rsquo;une ou deux bouch\u00e9es de nourriture nous ont d\u00e9j\u00e0 apport\u00e9.<\/li>\n<\/ul>\n<\/li>\n<\/ul>\n<ul>\n<li>\u00c9viter d&rsquo;entretenir ou de conserver \u00e0 l&rsquo;esprit des souvenirs de tous les plaisirs, r\u00e9els ou imaginaires, que nous avons de certains aliments et, de nous abstenir d&rsquo;en parler.<\/li>\n<li>Arr\u00eater de nous imaginer qu&rsquo;une ou deux bouch\u00e9es peuvent am\u00e9liorer certaines situations difficiles ou les rendre plus faciles \u00e0 vivre. En mettant les Douze \u00c9tapes en pratique, nous d\u00e9veloppons une fa\u00e7on de penser et d&rsquo;agir qui nous permet de vivre chaque jour sans manger compulsivement, peu importe ce qui pourrait nous contrarier ou \u00e0 quel point une forte envie de go\u00fbter un aliment pourrait nous assaillir.<\/li>\n<li>Nous rappeler qu&rsquo;\u00e0 chaque fois que nous affrontons une situation sans manger compulsivement, cela nous facilite la t\u00e2che afin de nous abstenir \u00e0 nouveau. Accorder la priorit\u00e9 \u00e0 notre abstinence renforce notre engagement. Nous avons souvent peur de ne pas y arriver. Cependant, quoique le d\u00e9sir d&rsquo;outremanger compulsivement soit d&rsquo;une extr\u00eame puissance, il ne peut nous blesser tant et aussi longtemps que nous n&rsquo;y c\u00e9dons pas. Notre exp\u00e9rience nous d\u00e9montre que m\u00eame la plus forte envie dispara\u00eetra avec le temps.<\/li>\n<li>Entretenir le plaisir qu&rsquo;il y a \u00e0 s&rsquo;abstenir de manger compulsivement car nous avons d\u00e9couvert :\n<ul>\n<li>La lib\u00e9ration de la culpabilit\u00e9, des remords et de l&rsquo;auto-condamnation concernant la nourriture que nous mangeons;<\/li>\n<li>La lib\u00e9ration du pouvoir que la nourriture a d\u00e9j\u00e0 eu sur nous et la capacit\u00e9 de choisir nos aliments;<\/li>\n<li>Le bonheur de manger et de dormir normalement, de nous r\u00e9veiller heureux d&rsquo;\u00eatre abstinent.<\/li>\n<\/ul>\n<\/li>\n<\/ul>\n<p><span style=\"font-size: medium;\"><span style=\"font-size: medium;\"><strong><em><span style=\"color: #333399;\">Quelques suggestions pour favoriser l&rsquo;abstinence personnelle<\/span><br \/>\n<\/em><\/strong><br \/>\nVoici une foule de gestes que les membres des OA ont pos\u00e9s pour s&rsquo;aider \u00e0 d\u00e9velopper leur abstinence. Nous vous encourageons \u00e0 prendre ce qui vous pla\u00eet et \u00e0 laisser tomber le reste. Les suggestions suivantes ne sont pas des r\u00e8gles. Au fur et \u00e0 mesure que vous d\u00e9velopperez votre propre abstinence, vous souhaiterez peut-\u00eatre discuter de ces diverses approches avec votre marraine ou votre parrain.<\/span><\/span><\/p>\n<ul>\n<li><strong><span style=\"color: #ff0000;\">Ayez un plan alimentaire<\/span>.<\/strong> Un plan alimentaire est un guide des aliments que nous choisissons de manger chaque jour. Certains membres croient qu&rsquo;il est plus facile de suivre un plan alimentaire; ce dernier contribue \u00e0 simplifier leur vie quotidienne en les lib\u00e9rant de prendre des d\u00e9cisions sous l&rsquo;impulsion du moment. Pour certains, un plan alimentaire efficace inclut un chois pr\u00e9cis d&rsquo;aliments, des quantit\u00e9s d\u00e9termin\u00e9es, ainsi que l&rsquo;\u00e9limination d&rsquo;aliments identifi\u00e9s comme d\u00e9clencheurs ou provoquant un d\u00e9sir compulsif. Pour d&rsquo;autres, un plan alimentaire est simplement un guide g\u00e9n\u00e9ral qui permet une certaine souplesse et favorise une saine alimentation. Un plan peut \u00eatre aussi facile qu&rsquo;identifier le nombre de repas quotidiens ou peut inclure des quantit\u00e9s pes\u00e9es et mesur\u00e9es. Avant de choisir un plan alimentaire pr\u00e9cis, nous vous sugg\u00e9rons de consulter un professionnel qualifi\u00e9.<\/li>\n<li><strong><span style=\"color: #ff0000;\">Planifiez vos repas \u00e0 l&rsquo;avance<\/span>.<\/strong> Que vous pr\u00e9f\u00e9riez peser et mesurer votre nourriture ou simplement vous en remettre \u00e0 votre jugement pour ce qui est des quantit\u00e9s, facilitez-vous la t\u00e2che en planifiant vous repas ou m\u00eame en les pr\u00e9parant \u00e0 l&rsquo;avance. Ainsi, vous n&rsquo;aurez plus \u00e0 effectuer de choix alimentaires durant la journ\u00e9e.<\/li>\n<li><strong><span style=\"color: #ff0000;\">Travaillez avec une marraine ou un parrain<\/span>.<\/strong> Trouvez-vous une marraine ou un parrain qui vous aidera \u00e0 suivre votre programme de r\u00e9tablissement aux trois niveaux : physique, \u00e9motif et spirituel. Plusieurs membres des OA d\u00e9couvrent qu&rsquo;il est utile de s&rsquo;engager quotidiennement, aupr\u00e8s de sa marraine ou de son parrain, \u00e0 suivre son plan alimentaire.<\/li>\n<li><strong><span style=\"color: #ff0000;\">Utilisez les outils<\/span>.<\/strong> En plus du plan alimentaire et du parrainage, les OA ont six autres outils de r\u00e9tablissement; essayez d&rsquo;en utiliser un ou plusieurs avant de commencer \u00e0 manger compulsivement. Exprimer nos sentiments en les \u00e9crivant ou en t\u00e9l\u00e9phonant \u00e0 quelqu&rsquo;un nous lib\u00e8re souvent du besoin d&rsquo;att\u00e9nuer ces m\u00eames sentiments avec de la nourriture. Lire la documentation OA ou assister \u00e0 une r\u00e9union OA peut nous soutenir jusqu&rsquo;\u00e0 ce que la compulsion disparaisse. S&rsquo;engager dans le service ou tendre la main aux autres sont des moyens privil\u00e9gi\u00e9s pour remettre de l&rsquo;ordre dans ses pens\u00e9es.<\/li>\n<li><strong><span style=\"color: #ff0000;\">Demeurez vigilants<\/span>.<\/strong> Il est sugg\u00e9r\u00e9 d&rsquo;\u00e9viter la faim, la col\u00e8re, la solitude et la fatigue. \u00c9vitez particuli\u00e8rement de sauter un repas, ce qui pourrait vous pousser \u00e0 manger de fa\u00e7on compulsive plus tard et de vous justifier en \u00ab\u00a0compensant\u00a0\u00bb pour l&rsquo;absence de ce repas.<\/li>\n<li><strong><span style=\"color: #ff0000;\">Appr\u00e9ciez vos repas<\/span>.<\/strong> L&rsquo;abstinence nous lib\u00e8re de la douleur et de la culpabilit\u00e9 accumul\u00e9es au cours des nombreuses ann\u00e9es de compulsion alimentaire. D\u00e9tendez-vous. Prenez le temps <span style=\"color: #333333;\">de<\/span> bien appr\u00e9cier chaque repas. Vous le m\u00e9ritez bien.<\/li>\n<li><strong><span style=\"color: #ff0000;\">Soyez conscients de la quantit\u00e9 de nourriture que vous mangez<\/span>.<\/strong> Certains membres OA ne prennent jamais de deuxi\u00e8me portion aux repas puisque la compulsion alimentaire commence souvent par \u00ab\u00a0juste une autre petite bouch\u00e9e\u00a0\u00bb.<\/li>\n<li><strong><span style=\"color: #ff0000;\">Suivez un plan de pes\u00e9e pr\u00e9d\u00e9termin\u00e9<\/span>. <\/strong>Plusieurs membres OA recommandent de ne se peser qu&rsquo;une seule fois par mois. Se peser souvent ou refuser de le faire met trop l&rsquo;accent sur le r\u00e9tablissement physique.<\/li>\n<\/ul>\n<p><span style=\"color: #333399;\"><strong><em><span style=\"color: #333399;\">Vous engager \u00e0 l&rsquo;abstinence vous semble-t-il trop lourd?<\/span><br \/>\n<\/em><\/strong><\/span><br \/>\nNe laissez pas les sentiments n\u00e9gatifs et les impressions d\u00e9sagr\u00e9ables vous mettre en d\u00e9route. C&rsquo;est ainsi que la plupart d&rsquo;entre nous se sont sentis au d\u00e9but, mais nous avons vite r\u00e9alis\u00e9 que la pratique du programme de Douze \u00c9tapes des OA faisait pour nous ce que nous n&rsquo;avions jamais \u00e9t\u00e9 capables de faire auparavant. Avec le temps, nous avons appris une toute nouvelle <span style=\"color: #333333;\">fa\u00e7on<\/span> de vivre. Le programme est efficace pour nous un jour \u00e0 la fois et il en sera ainsi pour vous. Nous vous le promettons.<\/p>\n","protected":false},"excerpt":{"rendered":"<p>UNE D\u00c9CISION, UN JOUR \u00c0 LA FOIS Le r\u00e9tablissement et l&rsquo;engagement \u00e0 l&rsquo;abstinence LE R\u00c9TABLISSEMENT EST LE R\u00c9SULTAT de l&rsquo;application du programme des Douze \u00c9tapes des Outremangeurs Anonymes. La plupart d&rsquo;entre nous en sommes venus \u00e0 croire que la pratique &hellip; <a href=\"https:\/\/oa-ottawa.ca\/loutaouais\/labstinence-un-engagement\/\">Continuer la lecture <span class=\"meta-nav\">\u00bb<\/span><\/a><\/p>\n","protected":false},"author":1,"featured_media":0,"parent":0,"menu_order":0,"comment_status":"closed","ping_status":"closed","template":"","meta":{"_exactmetrics_skip_tracking":false,"_exactmetrics_sitenote_active":false,"_exactmetrics_sitenote_note":"","_exactmetrics_sitenote_category":0,"footnotes":"","_links_to":"","_links_to_target":""},"class_list":["post-15","page","type-page","status-publish","hentry"],"aioseo_notices":[],"_links":{"self":[{"href":"https:\/\/oa-ottawa.ca\/loutaouais\/wp-json\/wp\/v2\/pages\/15","targetHints":{"allow":["GET"]}}],"collection":[{"href":"https:\/\/oa-ottawa.ca\/loutaouais\/wp-json\/wp\/v2\/pages"}],"about":[{"href":"https:\/\/oa-ottawa.ca\/loutaouais\/wp-json\/wp\/v2\/types\/page"}],"author":[{"embeddable":true,"href":"https:\/\/oa-ottawa.ca\/loutaouais\/wp-json\/wp\/v2\/users\/1"}],"replies":[{"embeddable":true,"href":"https:\/\/oa-ottawa.ca\/loutaouais\/wp-json\/wp\/v2\/comments?post=15"}],"version-history":[{"count":7,"href":"https:\/\/oa-ottawa.ca\/loutaouais\/wp-json\/wp\/v2\/pages\/15\/revisions"}],"predecessor-version":[{"id":305,"href":"https:\/\/oa-ottawa.ca\/loutaouais\/wp-json\/wp\/v2\/pages\/15\/revisions\/305"}],"wp:attachment":[{"href":"https:\/\/oa-ottawa.ca\/loutaouais\/wp-json\/wp\/v2\/media?parent=15"}],"curies":[{"name":"wp","href":"https:\/\/api.w.org\/{rel}","templated":true}]}}